{"id":1829,"date":"2020-09-27T12:27:52","date_gmt":"2020-09-27T03:27:52","guid":{"rendered":"https:\/\/www.ostech.co.jp\/wp\/business\/crystal\/cvd-zns\/"},"modified":"2020-09-27T12:27:52","modified_gmt":"2020-09-27T03:27:52","slug":"cvd-zns","status":"publish","type":"page","link":"https:\/\/www.ostech.co.jp\/en\/products\/crystal\/cvd-zns\/","title":{"rendered":"CVD ZnS"},"content":{"rendered":"<ul>\n<li>For windows, domes and lenses for therma-imaging system<\/li>\n<li>Standard ZnS, which appears orange, mainly works in Far-infrared region<\/li>\n<li>Multi-spectrum ZnS (M-ZnS) shows excellent opticaproperties across the fulband of 0.4-12\u03bcm, can be used in Far-, Mid-, Near-infrared and visible regions.<\/li>\n<li>Standard ZnS windows, lenses and domes with size up to \u00d8250\u00d716mm. For M-ZnS, the maximum size is 300\u00d7200\u00d715mm<\/li>\n<\/ul>\n","protected":false},"excerpt":{"rendered":"<p>For windows, domes and lenses for therma-imaging system Standard ZnS, which appears orange, mainly works in Far-infrared region Multi-spectrum ZnS (M-ZnS) shows excellent opticaproperties across the fulband of 0.4-12\u03bcm, can be used in Far-, Mid-, Near-infrared and visible regions. Standard ZnS windows, lenses and domes with size up to \u00d8250\u00d716mm. For M-ZnS, the maximum size is 300\u00d7200\u00d715mm<\/p>\n","protected":false},"author":1,"featured_media":0,"parent":1739,"menu_order":77,"comment_status":"closed","ping_status":"closed","template":"","meta":{"footnotes":""},"acf":[],"aioseo_notices":[],"_links":{"self":[{"href":"https:\/\/www.ostech.co.jp\/en\/wp-json\/wp\/v2\/pages\/1829"}],"collection":[{"href":"https:\/\/www.ostech.co.jp\/en\/wp-json\/wp\/v2\/pages"}],"about":[{"href":"https:\/\/www.ostech.co.jp\/en\/wp-json\/wp\/v2\/types\/page"}],"author":[{"embeddable":true,"href":"https:\/\/www.ostech.co.jp\/en\/wp-json\/wp\/v2\/users\/1"}],"replies":[{"embeddable":true,"href":"https:\/\/www.ostech.co.jp\/en\/wp-json\/wp\/v2\/comments?post=1829"}],"version-history":[{"count":0,"href":"https:\/\/www.ostech.co.jp\/en\/wp-json\/wp\/v2\/pages\/1829\/revisions"}],"up":[{"embeddable":true,"href":"https:\/\/www.ostech.co.jp\/en\/wp-json\/wp\/v2\/pages\/1739"}],"wp:attachment":[{"href":"https:\/\/www.ostech.co.jp\/en\/wp-json\/wp\/v2\/media?parent=1829"}],"curies":[{"name":"wp","href":"https:\/\/api.w.org\/{rel}","templated":true}]}}